{"id":1645,"date":"2018-10-24T07:26:20","date_gmt":"2018-10-24T07:26:20","guid":{"rendered":"https:\/\/www.mendoza-andes.com\/agencia-oficial\/"},"modified":"2024-07-19T12:30:30","modified_gmt":"2024-07-19T12:30:30","slug":"agencia-oficial","status":"publish","type":"page","link":"https:\/\/www.mendoza-andes.com\/es\/agencia-oficial\/","title":{"rendered":"Agencia oficial"},"content":{"rendered":"\t\t<div data-elementor-type=\"wp-page\" data-elementor-id=\"1645\" class=\"elementor elementor-1645 elementor-284\">\n\t\t\t\t<div class=\"elementor-element elementor-element-978eefd e-flex e-con-boxed e-con e-parent\" data-id=\"978eefd\" data-element_type=\"container\" data-e-type=\"container\">\n\t\t\t\t\t<div class=\"e-con-inner\">\n\t\t\t\t<div class=\"elementor-element elementor-element-64c03d4 elementor-widget elementor-widget-heading\" data-id=\"64c03d4\" data-element_type=\"widget\" data-e-type=\"widget\" data-widget_type=\"heading.default\">\n\t\t\t\t<div class=\"elementor-widget-container\">\n\t\t\t\t\t<h3 class=\"elementor-heading-title elementor-size-default\">\u00bfQU\u00c9 ES LO QUE REALMENTE MARCA LA DIFERENCIA?<\/h3>\t\t\t\t<\/div>\n\t\t\t\t<\/div>\n\t\t\t\t<div class=\"elementor-element elementor-element-5203ec1 elementor-widget elementor-widget-spacer\" data-id=\"5203ec1\" data-element_type=\"widget\" data-e-type=\"widget\" data-widget_type=\"spacer.default\">\n\t\t\t\t<div class=\"elementor-widget-container\">\n\t\t\t\t\t\t\t<div class=\"elementor-spacer\">\n\t\t\t<div class=\"elementor-spacer-inner\"><\/div>\n\t\t<\/div>\n\t\t\t\t\t\t<\/div>\n\t\t\t\t<\/div>\n\t\t\t\t\t<\/div>\n\t\t\t\t<\/div>\n\t\t<div class=\"elementor-element elementor-element-3f9332ad e-flex e-con-boxed e-con e-parent\" data-id=\"3f9332ad\" data-element_type=\"container\" data-e-type=\"container\">\n\t\t\t\t\t<div class=\"e-con-inner\">\n\t\t\t\t<div class=\"elementor-element elementor-element-591508c elementor-view-default elementor-position-block-start elementor-mobile-position-block-start elementor-widget elementor-widget-icon-box\" data-id=\"591508c\" data-element_type=\"widget\" data-e-type=\"widget\" data-widget_type=\"icon-box.default\">\n\t\t\t\t<div class=\"elementor-widget-container\">\n\t\t\t\t\t\t\t<div class=\"elementor-icon-box-wrapper\">\n\n\t\t\t\t\t\t<div class=\"elementor-icon-box-icon\">\n\t\t\t\t<span  class=\"elementor-icon\">\n\t\t\t\t<svg aria-hidden=\"true\" class=\"e-font-icon-svg e-fas-award\" viewBox=\"0 0 384 512\" xmlns=\"http:\/\/www.w3.org\/2000\/svg\"><path d=\"M97.12 362.63c-8.69-8.69-4.16-6.24-25.12-11.85-9.51-2.55-17.87-7.45-25.43-13.32L1.2 448.7c-4.39 10.77 3.81 22.47 15.43 22.03l52.69-2.01L105.56 507c8 8.44 22.04 5.81 26.43-4.96l52.05-127.62c-10.84 6.04-22.87 9.58-35.31 9.58-19.5 0-37.82-7.59-51.61-21.37zM382.8 448.7l-45.37-111.24c-7.56 5.88-15.92 10.77-25.43 13.32-21.07 5.64-16.45 3.18-25.12 11.85-13.79 13.78-32.12 21.37-51.62 21.37-12.44 0-24.47-3.55-35.31-9.58L252 502.04c4.39 10.77 18.44 13.4 26.43 4.96l36.25-38.28 52.69 2.01c11.62.44 19.82-11.27 15.43-22.03zM263 340c15.28-15.55 17.03-14.21 38.79-20.14 13.89-3.79 24.75-14.84 28.47-28.98 7.48-28.4 5.54-24.97 25.95-45.75 10.17-10.35 14.14-25.44 10.42-39.58-7.47-28.38-7.48-24.42 0-52.83 3.72-14.14-.25-29.23-10.42-39.58-20.41-20.78-18.47-17.36-25.95-45.75-3.72-14.14-14.58-25.19-28.47-28.98-27.88-7.61-24.52-5.62-44.95-26.41-10.17-10.35-25-14.4-38.89-10.61-27.87 7.6-23.98 7.61-51.9 0-13.89-3.79-28.72.25-38.89 10.61-20.41 20.78-17.05 18.8-44.94 26.41-13.89 3.79-24.75 14.84-28.47 28.98-7.47 28.39-5.54 24.97-25.95 45.75-10.17 10.35-14.15 25.44-10.42 39.58 7.47 28.36 7.48 24.4 0 52.82-3.72 14.14.25 29.23 10.42 39.59 20.41 20.78 18.47 17.35 25.95 45.75 3.72 14.14 14.58 25.19 28.47 28.98C104.6 325.96 106.27 325 121 340c13.23 13.47 33.84 15.88 49.74 5.82a39.676 39.676 0 0 1 42.53 0c15.89 10.06 36.5 7.65 49.73-5.82zM97.66 175.96c0-53.03 42.24-96.02 94.34-96.02s94.34 42.99 94.34 96.02-42.24 96.02-94.34 96.02-94.34-42.99-94.34-96.02z\"><\/path><\/svg>\t\t\t\t<\/span>\n\t\t\t<\/div>\n\t\t\t\n\t\t\t\t\t\t<div class=\"elementor-icon-box-content\">\n\n\t\t\t\t\t\t\t\t\t<h4 class=\"elementor-icon-box-title\">\n\t\t\t\t\t\t<span  >\n\t\t\t\t\t\t\tElige una agencia oficial, <\/BR>con una flota de veh\u00edculos autorizados en perfecto estado\t\t\t\t\t\t<\/span>\n\t\t\t\t\t<\/h4>\n\t\t\t\t\n\t\t\t\t\t\t\t\t\t<p class=\"elementor-icon-box-description\">\n\t\t\t\t\t\tPuede que encuentres opciones menos caras...<\/BR>Pero ser conducido en un veh\u00edculo autorizado por el Ministerio de Turismo y con un conductor profesional es la garant\u00eda de un viaje con total tranquilidad.  <\/BR>En caso de control policial o incidente en la carretera, tu elecci\u00f3n marcar\u00e1 la diferencia.  <\/BR>\u00bfNo estamos acostumbrados a decir que lo m\u00e1s barato a veces puede salir muy caro?\t\t\t\t\t<\/p>\n\t\t\t\t\n\t\t\t<\/div>\n\t\t\t\n\t\t<\/div>\n\t\t\t\t\t\t<\/div>\n\t\t\t\t<\/div>\n\t\t\t\t<div class=\"elementor-element elementor-element-3952707 elementor-widget elementor-widget-image\" data-id=\"3952707\" data-element_type=\"widget\" data-e-type=\"widget\" data-widget_type=\"image.default\">\n\t\t\t\t<div class=\"elementor-widget-container\">\n\t\t\t\t\t\t\t\t\t\t\t\t\t\t\t<img fetchpriority=\"high\" decoding=\"async\" width=\"644\" height=\"90\" src=\"https:\/\/www.mendoza-andes.com\/wp-content\/uploads\/2024\/04\/Fleet-The-Tintos.jpg\" class=\"attachment-full size-full wp-image-1394\" alt=\"\" srcset=\"https:\/\/www.mendoza-andes.com\/wp-content\/uploads\/2024\/04\/Fleet-The-Tintos.jpg 644w, https:\/\/www.mendoza-andes.com\/wp-content\/uploads\/2024\/04\/Fleet-The-Tintos-300x42.jpg 300w\" sizes=\"(max-width: 644px) 100vw, 644px\" \/>\t\t\t\t\t\t\t\t\t\t\t\t\t\t\t<\/div>\n\t\t\t\t<\/div>\n\t\t\t\t<div class=\"elementor-element elementor-element-d004d4c elementor-view-default elementor-position-block-start elementor-mobile-position-block-start elementor-widget elementor-widget-icon-box\" data-id=\"d004d4c\" data-element_type=\"widget\" data-e-type=\"widget\" data-widget_type=\"icon-box.default\">\n\t\t\t\t<div class=\"elementor-widget-container\">\n\t\t\t\t\t\t\t<div class=\"elementor-icon-box-wrapper\">\n\n\t\t\t\t\t\t<div class=\"elementor-icon-box-icon\">\n\t\t\t\t<span  class=\"elementor-icon\">\n\t\t\t\t<svg aria-hidden=\"true\" class=\"e-font-icon-svg e-fas-user-graduate\" viewBox=\"0 0 448 512\" xmlns=\"http:\/\/www.w3.org\/2000\/svg\"><path d=\"M319.4 320.6L224 416l-95.4-95.4C57.1 323.7 0 382.2 0 454.4v9.6c0 26.5 21.5 48 48 48h352c26.5 0 48-21.5 48-48v-9.6c0-72.2-57.1-130.7-128.6-133.8zM13.6 79.8l6.4 1.5v58.4c-7 4.2-12 11.5-12 20.3 0 8.4 4.6 15.4 11.1 19.7L3.5 242c-1.7 6.9 2.1 14 7.6 14h41.8c5.5 0 9.3-7.1 7.6-14l-15.6-62.3C51.4 175.4 56 168.4 56 160c0-8.8-5-16.1-12-20.3V87.1l66 15.9c-8.6 17.2-14 36.4-14 57 0 70.7 57.3 128 128 128s128-57.3 128-128c0-20.6-5.3-39.8-14-57l96.3-23.2c18.2-4.4 18.2-27.1 0-31.5l-190.4-46c-13-3.1-26.7-3.1-39.7 0L13.6 48.2c-18.1 4.4-18.1 27.2 0 31.6z\"><\/path><\/svg>\t\t\t\t<\/span>\n\t\t\t<\/div>\n\t\t\t\n\t\t\t\t\t\t<div class=\"elementor-icon-box-content\">\n\n\t\t\t\t\t\t\t\t\t<h4 class=\"elementor-icon-box-title\">\n\t\t\t\t\t\t<span  >\n\t\t\t\t\t\t\tOpta por una agencia con gu\u00edas profesionales expertos\t\t\t\t\t\t<\/span>\n\t\t\t\t\t<\/h4>\n\t\t\t\t\n\t\t\t\t\t\t\t\t\t<p class=\"elementor-icon-box-description\">\n\t\t\t\t\t\tNuestros gu\u00edas son expertos sumilleres\/en\u00f3logos, conocen a la perfecci\u00f3n las bodegas que vas a visitar y te reciben como en familia, haciendo de tu visita un momento privilegiado. Nuestros conductores son excelentes profesionales, centrados en la carretera y sus peligros, que hacen todo lo posible para que tu viaje sea tranquilo y sin contratiempos.\t\t\t\t\t<\/p>\n\t\t\t\t\n\t\t\t<\/div>\n\t\t\t\n\t\t<\/div>\n\t\t\t\t\t\t<\/div>\n\t\t\t\t<\/div>\n\t\t\t\t<div class=\"elementor-element elementor-element-d4a0701 elementor-view-default elementor-position-block-start elementor-mobile-position-block-start elementor-widget elementor-widget-icon-box\" data-id=\"d4a0701\" data-element_type=\"widget\" data-e-type=\"widget\" data-widget_type=\"icon-box.default\">\n\t\t\t\t<div class=\"elementor-widget-container\">\n\t\t\t\t\t\t\t<div class=\"elementor-icon-box-wrapper\">\n\n\t\t\t\t\t\t<div class=\"elementor-icon-box-icon\">\n\t\t\t\t<span  class=\"elementor-icon\">\n\t\t\t\t<svg aria-hidden=\"true\" class=\"e-font-icon-svg e-far-hourglass\" viewBox=\"0 0 384 512\" xmlns=\"http:\/\/www.w3.org\/2000\/svg\"><path d=\"M368 48h4c6.627 0 12-5.373 12-12V12c0-6.627-5.373-12-12-12H12C5.373 0 0 5.373 0 12v24c0 6.627 5.373 12 12 12h4c0 80.564 32.188 165.807 97.18 208C47.899 298.381 16 383.9 16 464h-4c-6.627 0-12 5.373-12 12v24c0 6.627 5.373 12 12 12h360c6.627 0 12-5.373 12-12v-24c0-6.627-5.373-12-12-12h-4c0-80.564-32.188-165.807-97.18-208C336.102 213.619 368 128.1 368 48zM64 48h256c0 101.62-57.307 184-128 184S64 149.621 64 48zm256 416H64c0-101.62 57.308-184 128-184s128 82.38 128 184z\"><\/path><\/svg>\t\t\t\t<\/span>\n\t\t\t<\/div>\n\t\t\t\n\t\t\t\t\t\t<div class=\"elementor-icon-box-content\">\n\n\t\t\t\t\t\t\t\t\t<h4 class=\"elementor-icon-box-title\">\n\t\t\t\t\t\t<span  >\n\t\t\t\t\t\t\tElegir una agencia presente en Mendoza desde hace tiempo es garant\u00eda de calidad\t\t\t\t\t\t<\/span>\n\t\t\t\t\t<\/h4>\n\t\t\t\t\n\t\t\t\t\t\t\t\t\t<p class=\"elementor-icon-box-description\">\n\t\t\t\t\t\tNuestra agencia est\u00e1 presente desde hace 15 a\u00f1os ; Muchos operadores de lujo y los mejores hoteles nos conf\u00edan sus pasajeros y clientes.  <\/BR><b>Por fin d\u00e9jate llevar, somos profesionales y nuestro \u00fanico objetivo es ofrecerte lo mejor de Mendoza\t\t\t\t\t<\/p>\n\t\t\t\t\n\t\t\t<\/div>\n\t\t\t\n\t\t<\/div>\n\t\t\t\t\t\t<\/div>\n\t\t\t\t<\/div>\n\t\t\t\t\t<\/div>\n\t\t\t\t<\/div>\n\t\t<div class=\"elementor-element elementor-element-b05adfd e-grid e-con-boxed e-con e-parent\" data-id=\"b05adfd\" data-element_type=\"container\" data-e-type=\"container\">\n\t\t\t\t\t<div class=\"e-con-inner\">\n\t\t\t\t<div class=\"elementor-element elementor-element-28f9969 elementor-align-right elementor-widget elementor-widget-button\" data-id=\"28f9969\" data-element_type=\"widget\" data-e-type=\"widget\" data-widget_type=\"button.default\">\n\t\t\t\t<div class=\"elementor-widget-container\">\n\t\t\t\t\t\t\t\t\t<div class=\"elementor-button-wrapper\">\n\t\t\t\t\t<a class=\"elementor-button elementor-button-link elementor-size-sm\" href=\"https:\/\/www.mendoza-andes.com\/trip-type\/private-tour\/\">\n\t\t\t\t\t\t<span class=\"elementor-button-content-wrapper\">\n\t\t\t\t\t\t\t\t\t<span class=\"elementor-button-text\">Tours privados<\/span>\n\t\t\t\t\t<\/span>\n\t\t\t\t\t<\/a>\n\t\t\t\t<\/div>\n\t\t\t\t\t\t\t\t<\/div>\n\t\t\t\t<\/div>\n\t\t\t\t<div class=\"elementor-element elementor-element-6b89493 elementor-align-left elementor-widget elementor-widget-button\" data-id=\"6b89493\" data-element_type=\"widget\" data-e-type=\"widget\" data-widget_type=\"button.default\">\n\t\t\t\t<div class=\"elementor-widget-container\">\n\t\t\t\t\t\t\t\t\t<div class=\"elementor-button-wrapper\">\n\t\t\t\t\t<a class=\"elementor-button elementor-button-link elementor-size-sm\" href=\"https:\/\/www.mendoza-andes.com\/trip-type\/small-group-tour\/\">\n\t\t\t\t\t\t<span class=\"elementor-button-content-wrapper\">\n\t\t\t\t\t\t\t\t\t<span class=\"elementor-button-text\">Tours grupos peque\u00f1os<\/span>\n\t\t\t\t\t<\/span>\n\t\t\t\t\t<\/a>\n\t\t\t\t<\/div>\n\t\t\t\t\t\t\t\t<\/div>\n\t\t\t\t<\/div>\n\t\t\t\t\t<\/div>\n\t\t\t\t<\/div>\n\t\t<div class=\"elementor-element elementor-element-f60c1ec e-flex e-con-boxed e-con e-parent\" data-id=\"f60c1ec\" data-element_type=\"container\" data-e-type=\"container\">\n\t\t\t\t\t<div class=\"e-con-inner\">\n\t\t\t\t<div class=\"elementor-element elementor-element-2b022f7 elementor-widget elementor-widget-text-editor\" data-id=\"2b022f7\" data-element_type=\"widget\" data-e-type=\"widget\" data-widget_type=\"text-editor.default\">\n\t\t\t\t<div class=\"elementor-widget-container\">\n\t\t\t\t\t\t\t\t\t<h6 class=\"LC20lb MBeuO DKV0Md\" style=\"text-align: center;\"><a href=\"https:\/\/www.mendoza.gov.ar\/turismo\/\" target=\"_blank\" rel=\"noopener\">Ente Mendoza Turismo<\/a> <br>EVyT 15414 &#8211; Andes de Mendoza \/ Los Tintos<\/h6>\t\t\t\t\t\t\t\t<\/div>\n\t\t\t\t<\/div>\n\t\t\t\t\t<\/div>\n\t\t\t\t<\/div>\n\t\t\t\t<\/div>\n\t\t","protected":false},"excerpt":{"rendered":"<p>\u00bfQU\u00c9 ES LO QUE REALMENTE MARCA LA DIFERENCIA? Elige una agencia oficial, con una flota de veh\u00edculos autorizados en perfecto estadoTour Details<\/p>\n","protected":false},"author":1,"featured_media":0,"parent":0,"menu_order":0,"comment_status":"closed","ping_status":"closed","template":"elementor_theme","meta":{"_monsterinsights_skip_tracking":false,"_monsterinsights_sitenote_active":false,"_monsterinsights_sitenote_note":"","_monsterinsights_sitenote_category":0,"_joinchat":[],"footnotes":""},"class_list":["post-1645","page","type-page","status-publish","hentry"],"yoast_head":"<!-- This site is optimized with the Yoast SEO Premium plugin v25.0 (Yoast SEO v26.8) - https:\/\/yoast.com\/product\/yoast-seo-premium-wordpress\/ -->\n<title>Elegir agencia oficial Mendoza<\/title>\n<meta name=\"description\" content=\"Opta por una agencia oficial en Mendoza para un viaje sin complicaciones. Gu\u00edas expertos y conductores profesionales = viaje seguro.\" \/>\n<meta name=\"robots\" content=\"noindex, follow\" \/>\n<meta property=\"og:locale\" content=\"es_ES\" \/>\n<meta property=\"og:type\" content=\"article\" \/>\n<meta property=\"og:title\" content=\"Agencia oficial\" \/>\n<meta property=\"og:description\" content=\"Opta por una agencia oficial en Mendoza para un viaje sin complicaciones. Gu\u00edas expertos y conductores profesionales = viaje seguro.\" \/>\n<meta property=\"og:url\" content=\"https:\/\/www.mendoza-andes.com\/es\/agencia-oficial\/\" \/>\n<meta property=\"og:site_name\" content=\"Tours de bodega - Mendoza Andes | The Tintos\" \/>\n<meta property=\"article:publisher\" content=\"https:\/\/www.facebook.com\/mendozaandes\" \/>\n<meta property=\"article:modified_time\" content=\"2024-07-19T12:30:30+00:00\" \/>\n<meta property=\"og:image\" content=\"https:\/\/www.mendoza-andes.com\/wp-content\/uploads\/2024\/04\/Fleet-The-Tintos.jpg\" \/>\n<meta name=\"twitter:card\" content=\"summary_large_image\" \/>\n<meta name=\"twitter:label1\" content=\"Tiempo de lectura\" \/>\n\t<meta name=\"twitter:data1\" content=\"2 minutos\" \/>\n<script type=\"application\/ld+json\" class=\"yoast-schema-graph\">{\"@context\":\"https:\/\/schema.org\",\"@graph\":[{\"@type\":\"WebPage\",\"@id\":\"https:\/\/www.mendoza-andes.com\/es\/agencia-oficial\/\",\"url\":\"https:\/\/www.mendoza-andes.com\/es\/agencia-oficial\/\",\"name\":\"Elegir agencia oficial Mendoza\",\"isPartOf\":{\"@id\":\"https:\/\/www.mendoza-andes.com\/es\/#website\"},\"primaryImageOfPage\":{\"@id\":\"https:\/\/www.mendoza-andes.com\/es\/agencia-oficial\/#primaryimage\"},\"image\":{\"@id\":\"https:\/\/www.mendoza-andes.com\/es\/agencia-oficial\/#primaryimage\"},\"thumbnailUrl\":\"https:\/\/www.mendoza-andes.com\/wp-content\/uploads\/2024\/04\/Fleet-The-Tintos.jpg\",\"datePublished\":\"2018-10-24T07:26:20+00:00\",\"dateModified\":\"2024-07-19T12:30:30+00:00\",\"description\":\"Opta por una agencia oficial en Mendoza para un viaje sin complicaciones. Gu\u00edas expertos y conductores profesionales = viaje seguro.\",\"breadcrumb\":{\"@id\":\"https:\/\/www.mendoza-andes.com\/es\/agencia-oficial\/#breadcrumb\"},\"inLanguage\":\"es\",\"potentialAction\":[{\"@type\":\"ReadAction\",\"target\":[\"https:\/\/www.mendoza-andes.com\/es\/agencia-oficial\/\"]}]},{\"@type\":\"ImageObject\",\"inLanguage\":\"es\",\"@id\":\"https:\/\/www.mendoza-andes.com\/es\/agencia-oficial\/#primaryimage\",\"url\":\"https:\/\/www.mendoza-andes.com\/wp-content\/uploads\/2024\/04\/Fleet-The-Tintos.jpg\",\"contentUrl\":\"https:\/\/www.mendoza-andes.com\/wp-content\/uploads\/2024\/04\/Fleet-The-Tintos.jpg\"},{\"@type\":\"BreadcrumbList\",\"@id\":\"https:\/\/www.mendoza-andes.com\/es\/agencia-oficial\/#breadcrumb\",\"itemListElement\":[{\"@type\":\"ListItem\",\"position\":1,\"name\":\"home\",\"item\":\"https:\/\/www.mendoza-andes.com\/es\/\"},{\"@type\":\"ListItem\",\"position\":2,\"name\":\"Agencia oficial\"}]},{\"@type\":\"WebSite\",\"@id\":\"https:\/\/www.mendoza-andes.com\/es\/#website\",\"url\":\"https:\/\/www.mendoza-andes.com\/es\/\",\"name\":\"Mendoza Andes | The Tintos - Premium tours in Mendoza\",\"description\":\"agencia de turismo de alta gama en Mendoza\",\"publisher\":{\"@id\":\"https:\/\/www.mendoza-andes.com\/es\/#organization\"},\"potentialAction\":[{\"@type\":\"SearchAction\",\"target\":{\"@type\":\"EntryPoint\",\"urlTemplate\":\"https:\/\/www.mendoza-andes.com\/es\/?s={search_term_string}\"},\"query-input\":{\"@type\":\"PropertyValueSpecification\",\"valueRequired\":true,\"valueName\":\"search_term_string\"}}],\"inLanguage\":\"es\"},{\"@type\":\"Organization\",\"@id\":\"https:\/\/www.mendoza-andes.com\/es\/#organization\",\"name\":\"Mendoza Andes | The Tintos\",\"url\":\"https:\/\/www.mendoza-andes.com\/es\/\",\"logo\":{\"@type\":\"ImageObject\",\"inLanguage\":\"es\",\"@id\":\"https:\/\/www.mendoza-andes.com\/es\/#\/schema\/logo\/image\/\",\"url\":\"https:\/\/www.mendoza-andes.com\/wp-content\/uploads\/2024\/04\/duo-logo-400px.jpg\",\"contentUrl\":\"https:\/\/www.mendoza-andes.com\/wp-content\/uploads\/2024\/04\/duo-logo-400px.jpg\",\"width\":499,\"height\":96,\"caption\":\"Mendoza Andes | The Tintos\"},\"image\":{\"@id\":\"https:\/\/www.mendoza-andes.com\/es\/#\/schema\/logo\/image\/\"},\"sameAs\":[\"https:\/\/www.facebook.com\/mendozaandes\",\"https:\/\/www.instagram.com\/TheTintos\/\",\"https:\/\/www.instagram.com\/mza_andes\/\"],\"description\":\"Mendoza Andes The Tintos is a 15 year old premium tourism agency. We focus on exclusive and luxurious tours, offering private and small group tours. Our concept is to offer exceptional experiences to people who want to discover the best of the Mendoza region.\",\"email\":\"info@mendoza-andes.com\",\"telephone\":\"+5492613736627\",\"legalName\":\"Mendoza Andes The Tintos\",\"foundingDate\":\"2014-03-14\",\"numberOfEmployees\":{\"@type\":\"QuantitativeValue\",\"minValue\":\"1\",\"maxValue\":\"10\"}}]}<\/script>\n<!-- \/ Yoast SEO Premium plugin. -->","yoast_head_json":{"title":"Elegir agencia oficial Mendoza","description":"Opta por una agencia oficial en Mendoza para un viaje sin complicaciones. Gu\u00edas expertos y conductores profesionales = viaje seguro.","robots":{"index":"noindex","follow":"follow"},"og_locale":"es_ES","og_type":"article","og_title":"Agencia oficial","og_description":"Opta por una agencia oficial en Mendoza para un viaje sin complicaciones. Gu\u00edas expertos y conductores profesionales = viaje seguro.","og_url":"https:\/\/www.mendoza-andes.com\/es\/agencia-oficial\/","og_site_name":"Tours de bodega - Mendoza Andes | The Tintos","article_publisher":"https:\/\/www.facebook.com\/mendozaandes","article_modified_time":"2024-07-19T12:30:30+00:00","og_image":[{"url":"https:\/\/www.mendoza-andes.com\/wp-content\/uploads\/2024\/04\/Fleet-The-Tintos.jpg","type":"","width":"","height":""}],"twitter_card":"summary_large_image","twitter_misc":{"Tiempo de lectura":"2 minutos"},"schema":{"@context":"https:\/\/schema.org","@graph":[{"@type":"WebPage","@id":"https:\/\/www.mendoza-andes.com\/es\/agencia-oficial\/","url":"https:\/\/www.mendoza-andes.com\/es\/agencia-oficial\/","name":"Elegir agencia oficial Mendoza","isPartOf":{"@id":"https:\/\/www.mendoza-andes.com\/es\/#website"},"primaryImageOfPage":{"@id":"https:\/\/www.mendoza-andes.com\/es\/agencia-oficial\/#primaryimage"},"image":{"@id":"https:\/\/www.mendoza-andes.com\/es\/agencia-oficial\/#primaryimage"},"thumbnailUrl":"https:\/\/www.mendoza-andes.com\/wp-content\/uploads\/2024\/04\/Fleet-The-Tintos.jpg","datePublished":"2018-10-24T07:26:20+00:00","dateModified":"2024-07-19T12:30:30+00:00","description":"Opta por una agencia oficial en Mendoza para un viaje sin complicaciones. Gu\u00edas expertos y conductores profesionales = viaje seguro.","breadcrumb":{"@id":"https:\/\/www.mendoza-andes.com\/es\/agencia-oficial\/#breadcrumb"},"inLanguage":"es","potentialAction":[{"@type":"ReadAction","target":["https:\/\/www.mendoza-andes.com\/es\/agencia-oficial\/"]}]},{"@type":"ImageObject","inLanguage":"es","@id":"https:\/\/www.mendoza-andes.com\/es\/agencia-oficial\/#primaryimage","url":"https:\/\/www.mendoza-andes.com\/wp-content\/uploads\/2024\/04\/Fleet-The-Tintos.jpg","contentUrl":"https:\/\/www.mendoza-andes.com\/wp-content\/uploads\/2024\/04\/Fleet-The-Tintos.jpg"},{"@type":"BreadcrumbList","@id":"https:\/\/www.mendoza-andes.com\/es\/agencia-oficial\/#breadcrumb","itemListElement":[{"@type":"ListItem","position":1,"name":"home","item":"https:\/\/www.mendoza-andes.com\/es\/"},{"@type":"ListItem","position":2,"name":"Agencia oficial"}]},{"@type":"WebSite","@id":"https:\/\/www.mendoza-andes.com\/es\/#website","url":"https:\/\/www.mendoza-andes.com\/es\/","name":"Mendoza Andes | The Tintos - Premium tours in Mendoza","description":"agencia de turismo de alta gama en Mendoza","publisher":{"@id":"https:\/\/www.mendoza-andes.com\/es\/#organization"},"potentialAction":[{"@type":"SearchAction","target":{"@type":"EntryPoint","urlTemplate":"https:\/\/www.mendoza-andes.com\/es\/?s={search_term_string}"},"query-input":{"@type":"PropertyValueSpecification","valueRequired":true,"valueName":"search_term_string"}}],"inLanguage":"es"},{"@type":"Organization","@id":"https:\/\/www.mendoza-andes.com\/es\/#organization","name":"Mendoza Andes | The Tintos","url":"https:\/\/www.mendoza-andes.com\/es\/","logo":{"@type":"ImageObject","inLanguage":"es","@id":"https:\/\/www.mendoza-andes.com\/es\/#\/schema\/logo\/image\/","url":"https:\/\/www.mendoza-andes.com\/wp-content\/uploads\/2024\/04\/duo-logo-400px.jpg","contentUrl":"https:\/\/www.mendoza-andes.com\/wp-content\/uploads\/2024\/04\/duo-logo-400px.jpg","width":499,"height":96,"caption":"Mendoza Andes | The Tintos"},"image":{"@id":"https:\/\/www.mendoza-andes.com\/es\/#\/schema\/logo\/image\/"},"sameAs":["https:\/\/www.facebook.com\/mendozaandes","https:\/\/www.instagram.com\/TheTintos\/","https:\/\/www.instagram.com\/mza_andes\/"],"description":"Mendoza Andes The Tintos is a 15 year old premium tourism agency. We focus on exclusive and luxurious tours, offering private and small group tours. Our concept is to offer exceptional experiences to people who want to discover the best of the Mendoza region.","email":"info@mendoza-andes.com","telephone":"+5492613736627","legalName":"Mendoza Andes The Tintos","foundingDate":"2014-03-14","numberOfEmployees":{"@type":"QuantitativeValue","minValue":"1","maxValue":"10"}}]}},"_links":{"self":[{"href":"https:\/\/www.mendoza-andes.com\/es\/wp-json\/wp\/v2\/pages\/1645","targetHints":{"allow":["GET"]}}],"collection":[{"href":"https:\/\/www.mendoza-andes.com\/es\/wp-json\/wp\/v2\/pages"}],"about":[{"href":"https:\/\/www.mendoza-andes.com\/es\/wp-json\/wp\/v2\/types\/page"}],"author":[{"embeddable":true,"href":"https:\/\/www.mendoza-andes.com\/es\/wp-json\/wp\/v2\/users\/1"}],"replies":[{"embeddable":true,"href":"https:\/\/www.mendoza-andes.com\/es\/wp-json\/wp\/v2\/comments?post=1645"}],"version-history":[{"count":10,"href":"https:\/\/www.mendoza-andes.com\/es\/wp-json\/wp\/v2\/pages\/1645\/revisions"}],"predecessor-version":[{"id":2025,"href":"https:\/\/www.mendoza-andes.com\/es\/wp-json\/wp\/v2\/pages\/1645\/revisions\/2025"}],"wp:attachment":[{"href":"https:\/\/www.mendoza-andes.com\/es\/wp-json\/wp\/v2\/media?parent=1645"}],"curies":[{"name":"wp","href":"https:\/\/api.w.org\/{rel}","templated":true}]}}