{"id":1949,"date":"2018-10-08T08:47:37","date_gmt":"2018-10-08T08:47:37","guid":{"rendered":"https:\/\/www.mendoza-andes.com\/inicio\/"},"modified":"2024-05-20T05:19:40","modified_gmt":"2024-05-20T05:19:40","slug":"inicio","status":"publish","type":"page","link":"https:\/\/www.mendoza-andes.com\/es\/","title":{"rendered":"Inicio"},"content":{"rendered":"\n<figure class=\"wp-block-image size-large\"><img fetchpriority=\"high\" decoding=\"async\" width=\"1024\" height=\"602\" src=\"https:\/\/www.mendoza-andes.com\/wp-content\/uploads\/2024\/03\/Private-Uco-0-1024x602.jpg\" alt=\"Vi&#xF1;edo de Mendoza. Valle de Uco. Rutas del vino de Mendoza.\" class=\"wp-image-486\" srcset=\"https:\/\/www.mendoza-andes.com\/wp-content\/uploads\/2024\/03\/Private-Uco-0-1024x602.jpg 1024w, https:\/\/www.mendoza-andes.com\/wp-content\/uploads\/2024\/03\/Private-Uco-0-300x176.jpg 300w, https:\/\/www.mendoza-andes.com\/wp-content\/uploads\/2024\/03\/Private-Uco-0-768x452.jpg 768w, https:\/\/www.mendoza-andes.com\/wp-content\/uploads\/2024\/03\/Private-Uco-0-1536x903.jpg 1536w, https:\/\/www.mendoza-andes.com\/wp-content\/uploads\/2024\/03\/Private-Uco-0-365x215.jpg 365w, https:\/\/www.mendoza-andes.com\/wp-content\/uploads\/2024\/03\/Private-Uco-0.jpg 1920w\" sizes=\"(max-width: 1024px) 100vw, 1024px\" \/><\/figure>\n\n<h1 class=\"wp-block-heading\" id=\"h-mendoza-wine-tours-andes-excursions\">Rutas del vino en Mendoza &#8211; Excursiones por los Andes<\/h1>\n\n<div class=\"wp-block-group is-nowrap is-layout-flex wp-container-core-group-is-layout-ad2f72ca wp-block-group-is-layout-flex\">\n<h2 class=\"wp-block-heading\" id=\"h-explore-the-vineyards-of-mendoza-on-unforgettable-wine-tours-immerse-yourself-in-the-beauty-of-mendoza-and-taste-the-finest-wines\"><mark style=\"background-color:rgba(0, 0, 0, 0)\" class=\"has-inline-color has-black-color\">Explora los vi\u00f1edos de Mendoza en inolvidables rutas del vino. Sum\u00e9rgete en la belleza de Mendoza y degusta los mejores vinos<\/mark>.<\/h2>\n<\/div>\n\n<p>Bienvenido a nuestra agencia de turismo de alta gama en el coraz\u00f3n de Mendoza, Argentina.<\/p>\n\n<p>Estamos especializados en crear experiencias inolvidables para todos los viajeros. Nuestra exclusiva agencia se dedica a ofrecer un servicio de lujo y personalizado.  <\/p>\n\n<p>Ofrecemos una gama de <a href=\"https:\/\/www.mendoza-andes.com\/wine-tour-mendoza\/\">visitas guiadas<\/a> premium de <a href=\"https:\/\/www.mendoza-andes.com\/wine-tour-mendoza\/\">cata de vinos<\/a>, pero tambi\u00e9n visitas premium a los Andes que muestran lo mejor de esta impresionante regi\u00f3n.<\/p>\n\n<p>Es hora de que te embarques en un viaje con nosotros y explores los vi\u00f1edos de renombre mundial de Mendoza. Disfrutar\u00e1s de catas de vino y visitas privadas especialmente dirigidas por sumilleres expertos. Gracias a nuestros 15 a\u00f1os de conocimientos, visitar\u00e1s bodegas de prestigio. Te sorprender\u00e1 ver que cada vi\u00f1edo tiene su encanto \u00fanico, y te encantar\u00e1 probar algunas de sus cosechas premiadas. Del Malbec al Torront\u00e9s, saborea el mejor vino mientras observas la cordillera de los Andes.<\/p>\n\n<h2 class=\"wp-block-heading\" id=\"h-mendoza-is-much-more-than-wine-tours\">Mendoza es mucho m\u00e1s que rutas del vino<\/h2>\n\n<p>\u00bfEres aventurero de coraz\u00f3n? \u00a1Entonces te encantar\u00e1 nuestra <a href=\"https:\/\/www.mendoza-andes.com\/activity\/andes-tour\/\">excursi\u00f3n premium a los Andes<\/a>!<br\/>Ofrecen una brillante escapada a las maravillas naturales de Mendoza. Recorrer\u00e1s los Andes en excursiones privadas o en grupos reducidos dirigidas por gu\u00edas experimentados. S\u00f3lo tienes que elegir c\u00f3mo disfrutar de la naturaleza de Mendoza: \u00bfprefieres un Safari fotogr\u00e1fico en los pre-Andes? \u00bfo tal vez excursiones panor\u00e1micas a lagunas escondidas y vistas m\u00e1gicas en el lago Potrerillos? En todos los casos, el viaje ser\u00e1 una experiencia \u00fanica en la vida.<\/p>\n\n<h2 class=\"wp-block-heading\" id=\"h-so-why-should-you-choose-us\">Entonces, \u00bfpor qu\u00e9 deber\u00edas elegirnos?<\/h2>\n\n<p>Porque sabemos que el lujo est\u00e1 en los detalles, pero tambi\u00e9n porque despu\u00e9s de 15 a\u00f1os te conocemos muy bien \ud83d\ude42<\/p>\n\n<p><a href=\"https:\/\/www.mendoza-andes.com\/about-us\/\">As\u00ed que, al final, \u00bfqu\u00e9 m\u00e1s tenemos?  <\/a><\/p>\n\n<p>Primero te llevamos en el mejor transporte (s\u00f3lo con veh\u00edculos autorizados) a accesos exclusivos a fincas privadas; despu\u00e9s, tu gu\u00eda ser\u00e1 un experto profesional. Marcan la diferencia en cada minuto de tu viaje.<br\/>Por \u00faltimo, cada aspecto de tu viaje est\u00e1 meticulosamente dise\u00f1ado para garantizar una experiencia inolvidable.  <\/p>\n\n<p>Haces bien en elegirnos. Desde el principio, estar\u00e1s en contacto con nuestro equipo de profesionales dedicados; todos ellos se comprometen a orquestar una aventura extraordinaria, para que se cumplan todos tus deseos.<\/p>\n\n<h2 class=\"wp-block-heading\" id=\"h-when-travel-in-mendoza\">\u00bfCu\u00e1ndo viajar en Mendoza?<\/h2>\n\n<p>Mendoza, Argentina, es un hermoso destino conocido por sus impresionantes paisajes, sus deliciosos vinos y sus actividades al aire libre.  <\/p>\n\n<p>Si buscas rutas del vino en Mendoza, \u00a1todo momento es el mejor momento!<\/p>\n\n<p>Dicho esto, si quieres vivir esta experiencia al 100%, el periodo de vendimia (de febrero a marzo) es quiz\u00e1 el m\u00e1s interesante para el amante del vino. Los bulliciosos vi\u00f1edos, las vides verdes y el clima c\u00e1lido y seco har\u00e1n que te enamores de Mendoza. Adem\u00e1s, es el famoso momento de nuestros mejores eventos para disfrutar: <a href=\"https:\/\/www.greatwinecapitals.com\/wine-stories\/national-harvest-festival-the-main-celebration-of-mendozas-identity\/\" target=\"_blank\" rel=\"noreferrer noopener\">la Fiesta de la Cosecha<\/a>.<\/p>\n\n<p>Si visitas Mendoza en primavera u oto\u00f1o, te encantar\u00e1 su <a href=\"https:\/\/www.climatestotravel.com\/climate\/argentina\/mendoza#google_vignette\" target=\"_blank\" rel=\"noreferrer noopener\">clima<\/a> c\u00e1lido y agradable, ideal para catar vinos y participar en actividades al aire libre como senderismo y equitaci\u00f3n.<\/p>\n\n<p>Por \u00faltimo, el invierno tambi\u00e9n tiene su encanto, con un clima seco y a menudo soleado. Todas las actividades en los vi\u00f1edos est\u00e1n disponibles, y s\u00f3lo algunas fechas de nieve o mal tiempo en los altos Andes pueden impedir el acceso a algunas excursiones de monta\u00f1a, como la excursi\u00f3n en coche al Aconcagua.<\/p>\n\n<p>Ya no tienes ninguna raz\u00f3n para no venir.<\/p>\n\n<p><\/p>\n","protected":false},"excerpt":{"rendered":"<p>Rutas del vino en Mendoza &#8211; Excursiones por los Andes Explora los vi\u00f1edos de Mendoza en inolvidables rutas del vino. Sum\u00e9rgeteTour Details<\/p>\n","protected":false},"author":1,"featured_media":0,"parent":0,"menu_order":0,"comment_status":"closed","ping_status":"closed","template":"","meta":{"_monsterinsights_skip_tracking":false,"_monsterinsights_sitenote_active":false,"_monsterinsights_sitenote_note":"","_monsterinsights_sitenote_category":0,"_joinchat":[],"footnotes":""},"class_list":["post-1949","page","type-page","status-publish","hentry"],"yoast_head":"<!-- This site is optimized with the Yoast SEO Premium plugin v25.0 (Yoast SEO v26.8) - https:\/\/yoast.com\/product\/yoast-seo-premium-wordpress\/ -->\n<title>tours de bodegas en Mendoza y excursiones por los Andes<\/title>\n<meta name=\"description\" content=\"Experimenta la mejor degustaci\u00f3n de vinos en Mendoza con nuestras visitas guiadas a bodegas. Descubre la belleza de los vi\u00f1edos y de los Andes.\" \/>\n<meta name=\"robots\" content=\"index, follow, max-snippet:-1, max-image-preview:large, max-video-preview:-1\" \/>\n<link rel=\"canonical\" href=\"https:\/\/www.mendoza-andes.com\/es\/\" \/>\n<meta property=\"og:locale\" content=\"es_ES\" \/>\n<meta property=\"og:type\" content=\"article\" \/>\n<meta property=\"og:title\" content=\"Inicio\" \/>\n<meta property=\"og:description\" content=\"Experimenta la mejor degustaci\u00f3n de vinos en Mendoza con nuestras visitas guiadas a bodegas. Descubre la belleza de los vi\u00f1edos y de los Andes.\" \/>\n<meta property=\"og:url\" content=\"https:\/\/www.mendoza-andes.com\/es\/\" \/>\n<meta property=\"og:site_name\" content=\"Tours de bodega - Mendoza Andes | The Tintos\" \/>\n<meta property=\"article:publisher\" content=\"https:\/\/www.facebook.com\/mendozaandes\" \/>\n<meta property=\"article:modified_time\" content=\"2024-05-20T05:19:40+00:00\" \/>\n<meta property=\"og:image\" content=\"https:\/\/www.mendoza-andes.com\/wp-content\/uploads\/2024\/03\/Private-Uco-0-1024x602.jpg\" \/>\n<meta name=\"twitter:card\" content=\"summary_large_image\" \/>\n<meta name=\"twitter:label1\" content=\"Tiempo de lectura\" \/>\n\t<meta name=\"twitter:data1\" content=\"3 minutos\" \/>\n<script type=\"application\/ld+json\" class=\"yoast-schema-graph\">{\"@context\":\"https:\/\/schema.org\",\"@graph\":[{\"@type\":\"WebPage\",\"@id\":\"https:\/\/www.mendoza-andes.com\/es\/\",\"url\":\"https:\/\/www.mendoza-andes.com\/es\/\",\"name\":\"tours de bodegas en Mendoza y excursiones por los Andes\",\"isPartOf\":{\"@id\":\"https:\/\/www.mendoza-andes.com\/es\/#website\"},\"primaryImageOfPage\":{\"@id\":\"https:\/\/www.mendoza-andes.com\/es\/#primaryimage\"},\"image\":{\"@id\":\"https:\/\/www.mendoza-andes.com\/es\/#primaryimage\"},\"thumbnailUrl\":\"https:\/\/www.mendoza-andes.com\/wp-content\/uploads\/2024\/03\/Private-Uco-0-1024x602.jpg\",\"datePublished\":\"2018-10-08T08:47:37+00:00\",\"dateModified\":\"2024-05-20T05:19:40+00:00\",\"description\":\"Experimenta la mejor degustaci\u00f3n de vinos en Mendoza con nuestras visitas guiadas a bodegas. Descubre la belleza de los vi\u00f1edos y de los Andes.\",\"breadcrumb\":{\"@id\":\"https:\/\/www.mendoza-andes.com\/es\/#breadcrumb\"},\"inLanguage\":\"es\",\"potentialAction\":[{\"@type\":\"ReadAction\",\"target\":[\"https:\/\/www.mendoza-andes.com\/es\/\"]}]},{\"@type\":\"ImageObject\",\"inLanguage\":\"es\",\"@id\":\"https:\/\/www.mendoza-andes.com\/es\/#primaryimage\",\"url\":\"https:\/\/www.mendoza-andes.com\/wp-content\/uploads\/2024\/03\/Private-Uco-0-1024x602.jpg\",\"contentUrl\":\"https:\/\/www.mendoza-andes.com\/wp-content\/uploads\/2024\/03\/Private-Uco-0-1024x602.jpg\"},{\"@type\":\"BreadcrumbList\",\"@id\":\"https:\/\/www.mendoza-andes.com\/es\/#breadcrumb\",\"itemListElement\":[{\"@type\":\"ListItem\",\"position\":1,\"name\":\"home\",\"item\":\"https:\/\/www.mendoza-andes.com\/es\/\"},{\"@type\":\"ListItem\",\"position\":2,\"name\":\"Inicio\"}]},{\"@type\":\"WebSite\",\"@id\":\"https:\/\/www.mendoza-andes.com\/es\/#website\",\"url\":\"https:\/\/www.mendoza-andes.com\/es\/\",\"name\":\"Mendoza Andes | The Tintos - Premium tours in Mendoza\",\"description\":\"agencia de turismo de alta gama en Mendoza\",\"publisher\":{\"@id\":\"https:\/\/www.mendoza-andes.com\/es\/#organization\"},\"potentialAction\":[{\"@type\":\"SearchAction\",\"target\":{\"@type\":\"EntryPoint\",\"urlTemplate\":\"https:\/\/www.mendoza-andes.com\/es\/?s={search_term_string}\"},\"query-input\":{\"@type\":\"PropertyValueSpecification\",\"valueRequired\":true,\"valueName\":\"search_term_string\"}}],\"inLanguage\":\"es\"},{\"@type\":\"Organization\",\"@id\":\"https:\/\/www.mendoza-andes.com\/es\/#organization\",\"name\":\"Mendoza Andes | The Tintos\",\"url\":\"https:\/\/www.mendoza-andes.com\/es\/\",\"logo\":{\"@type\":\"ImageObject\",\"inLanguage\":\"es\",\"@id\":\"https:\/\/www.mendoza-andes.com\/es\/#\/schema\/logo\/image\/\",\"url\":\"https:\/\/www.mendoza-andes.com\/wp-content\/uploads\/2024\/04\/duo-logo-400px.jpg\",\"contentUrl\":\"https:\/\/www.mendoza-andes.com\/wp-content\/uploads\/2024\/04\/duo-logo-400px.jpg\",\"width\":499,\"height\":96,\"caption\":\"Mendoza Andes | The Tintos\"},\"image\":{\"@id\":\"https:\/\/www.mendoza-andes.com\/es\/#\/schema\/logo\/image\/\"},\"sameAs\":[\"https:\/\/www.facebook.com\/mendozaandes\",\"https:\/\/www.instagram.com\/TheTintos\/\",\"https:\/\/www.instagram.com\/mza_andes\/\"],\"description\":\"Mendoza Andes The Tintos is a 15 year old premium tourism agency. We focus on exclusive and luxurious tours, offering private and small group tours. Our concept is to offer exceptional experiences to people who want to discover the best of the Mendoza region.\",\"email\":\"info@mendoza-andes.com\",\"telephone\":\"+5492613736627\",\"legalName\":\"Mendoza Andes The Tintos\",\"foundingDate\":\"2014-03-14\",\"numberOfEmployees\":{\"@type\":\"QuantitativeValue\",\"minValue\":\"1\",\"maxValue\":\"10\"}}]}<\/script>\n<!-- \/ Yoast SEO Premium plugin. -->","yoast_head_json":{"title":"tours de bodegas en Mendoza y excursiones por los Andes","description":"Experimenta la mejor degustaci\u00f3n de vinos en Mendoza con nuestras visitas guiadas a bodegas. Descubre la belleza de los vi\u00f1edos y de los Andes.","robots":{"index":"index","follow":"follow","max-snippet":"max-snippet:-1","max-image-preview":"max-image-preview:large","max-video-preview":"max-video-preview:-1"},"canonical":"https:\/\/www.mendoza-andes.com\/es\/","og_locale":"es_ES","og_type":"article","og_title":"Inicio","og_description":"Experimenta la mejor degustaci\u00f3n de vinos en Mendoza con nuestras visitas guiadas a bodegas. Descubre la belleza de los vi\u00f1edos y de los Andes.","og_url":"https:\/\/www.mendoza-andes.com\/es\/","og_site_name":"Tours de bodega - Mendoza Andes | The Tintos","article_publisher":"https:\/\/www.facebook.com\/mendozaandes","article_modified_time":"2024-05-20T05:19:40+00:00","og_image":[{"url":"https:\/\/www.mendoza-andes.com\/wp-content\/uploads\/2024\/03\/Private-Uco-0-1024x602.jpg","type":"","width":"","height":""}],"twitter_card":"summary_large_image","twitter_misc":{"Tiempo de lectura":"3 minutos"},"schema":{"@context":"https:\/\/schema.org","@graph":[{"@type":"WebPage","@id":"https:\/\/www.mendoza-andes.com\/es\/","url":"https:\/\/www.mendoza-andes.com\/es\/","name":"tours de bodegas en Mendoza y excursiones por los Andes","isPartOf":{"@id":"https:\/\/www.mendoza-andes.com\/es\/#website"},"primaryImageOfPage":{"@id":"https:\/\/www.mendoza-andes.com\/es\/#primaryimage"},"image":{"@id":"https:\/\/www.mendoza-andes.com\/es\/#primaryimage"},"thumbnailUrl":"https:\/\/www.mendoza-andes.com\/wp-content\/uploads\/2024\/03\/Private-Uco-0-1024x602.jpg","datePublished":"2018-10-08T08:47:37+00:00","dateModified":"2024-05-20T05:19:40+00:00","description":"Experimenta la mejor degustaci\u00f3n de vinos en Mendoza con nuestras visitas guiadas a bodegas. Descubre la belleza de los vi\u00f1edos y de los Andes.","breadcrumb":{"@id":"https:\/\/www.mendoza-andes.com\/es\/#breadcrumb"},"inLanguage":"es","potentialAction":[{"@type":"ReadAction","target":["https:\/\/www.mendoza-andes.com\/es\/"]}]},{"@type":"ImageObject","inLanguage":"es","@id":"https:\/\/www.mendoza-andes.com\/es\/#primaryimage","url":"https:\/\/www.mendoza-andes.com\/wp-content\/uploads\/2024\/03\/Private-Uco-0-1024x602.jpg","contentUrl":"https:\/\/www.mendoza-andes.com\/wp-content\/uploads\/2024\/03\/Private-Uco-0-1024x602.jpg"},{"@type":"BreadcrumbList","@id":"https:\/\/www.mendoza-andes.com\/es\/#breadcrumb","itemListElement":[{"@type":"ListItem","position":1,"name":"home","item":"https:\/\/www.mendoza-andes.com\/es\/"},{"@type":"ListItem","position":2,"name":"Inicio"}]},{"@type":"WebSite","@id":"https:\/\/www.mendoza-andes.com\/es\/#website","url":"https:\/\/www.mendoza-andes.com\/es\/","name":"Mendoza Andes | The Tintos - Premium tours in Mendoza","description":"agencia de turismo de alta gama en Mendoza","publisher":{"@id":"https:\/\/www.mendoza-andes.com\/es\/#organization"},"potentialAction":[{"@type":"SearchAction","target":{"@type":"EntryPoint","urlTemplate":"https:\/\/www.mendoza-andes.com\/es\/?s={search_term_string}"},"query-input":{"@type":"PropertyValueSpecification","valueRequired":true,"valueName":"search_term_string"}}],"inLanguage":"es"},{"@type":"Organization","@id":"https:\/\/www.mendoza-andes.com\/es\/#organization","name":"Mendoza Andes | The Tintos","url":"https:\/\/www.mendoza-andes.com\/es\/","logo":{"@type":"ImageObject","inLanguage":"es","@id":"https:\/\/www.mendoza-andes.com\/es\/#\/schema\/logo\/image\/","url":"https:\/\/www.mendoza-andes.com\/wp-content\/uploads\/2024\/04\/duo-logo-400px.jpg","contentUrl":"https:\/\/www.mendoza-andes.com\/wp-content\/uploads\/2024\/04\/duo-logo-400px.jpg","width":499,"height":96,"caption":"Mendoza Andes | The Tintos"},"image":{"@id":"https:\/\/www.mendoza-andes.com\/es\/#\/schema\/logo\/image\/"},"sameAs":["https:\/\/www.facebook.com\/mendozaandes","https:\/\/www.instagram.com\/TheTintos\/","https:\/\/www.instagram.com\/mza_andes\/"],"description":"Mendoza Andes The Tintos is a 15 year old premium tourism agency. We focus on exclusive and luxurious tours, offering private and small group tours. Our concept is to offer exceptional experiences to people who want to discover the best of the Mendoza region.","email":"info@mendoza-andes.com","telephone":"+5492613736627","legalName":"Mendoza Andes The Tintos","foundingDate":"2014-03-14","numberOfEmployees":{"@type":"QuantitativeValue","minValue":"1","maxValue":"10"}}]}},"_links":{"self":[{"href":"https:\/\/www.mendoza-andes.com\/es\/wp-json\/wp\/v2\/pages\/1949","targetHints":{"allow":["GET"]}}],"collection":[{"href":"https:\/\/www.mendoza-andes.com\/es\/wp-json\/wp\/v2\/pages"}],"about":[{"href":"https:\/\/www.mendoza-andes.com\/es\/wp-json\/wp\/v2\/types\/page"}],"author":[{"embeddable":true,"href":"https:\/\/www.mendoza-andes.com\/es\/wp-json\/wp\/v2\/users\/1"}],"replies":[{"embeddable":true,"href":"https:\/\/www.mendoza-andes.com\/es\/wp-json\/wp\/v2\/comments?post=1949"}],"version-history":[{"count":10,"href":"https:\/\/www.mendoza-andes.com\/es\/wp-json\/wp\/v2\/pages\/1949\/revisions"}],"predecessor-version":[{"id":2003,"href":"https:\/\/www.mendoza-andes.com\/es\/wp-json\/wp\/v2\/pages\/1949\/revisions\/2003"}],"wp:attachment":[{"href":"https:\/\/www.mendoza-andes.com\/es\/wp-json\/wp\/v2\/media?parent=1949"}],"curies":[{"name":"wp","href":"https:\/\/api.w.org\/{rel}","templated":true}]}}