{"id":1946,"date":"2018-10-08T08:47:37","date_gmt":"2018-10-08T08:47:37","guid":{"rendered":"https:\/\/www.mendoza-andes.com\/inicio\/"},"modified":"2024-05-20T05:19:26","modified_gmt":"2024-05-20T05:19:26","slug":"inicio","status":"publish","type":"page","link":"https:\/\/www.mendoza-andes.com\/pt-br\/","title":{"rendered":"In\u00edcio"},"content":{"rendered":"\n<figure class=\"wp-block-image size-large\"><img fetchpriority=\"high\" decoding=\"async\" width=\"1024\" height=\"602\" src=\"https:\/\/www.mendoza-andes.com\/wp-content\/uploads\/2024\/03\/Private-Uco-0-1024x602.jpg\" alt=\"Vinhedo de Mendoza. Vale do Uco. Passeios de vinho em Mendoza.\" class=\"wp-image-486\" srcset=\"https:\/\/www.mendoza-andes.com\/wp-content\/uploads\/2024\/03\/Private-Uco-0-1024x602.jpg 1024w, https:\/\/www.mendoza-andes.com\/wp-content\/uploads\/2024\/03\/Private-Uco-0-300x176.jpg 300w, https:\/\/www.mendoza-andes.com\/wp-content\/uploads\/2024\/03\/Private-Uco-0-768x452.jpg 768w, https:\/\/www.mendoza-andes.com\/wp-content\/uploads\/2024\/03\/Private-Uco-0-1536x903.jpg 1536w, https:\/\/www.mendoza-andes.com\/wp-content\/uploads\/2024\/03\/Private-Uco-0-365x215.jpg 365w, https:\/\/www.mendoza-andes.com\/wp-content\/uploads\/2024\/03\/Private-Uco-0.jpg 1920w\" sizes=\"(max-width: 1024px) 100vw, 1024px\" \/><\/figure>\n\n<h1 class=\"wp-block-heading\" id=\"h-mendoza-wine-tours-andes-excursions\">Passeios de vinho em Mendoza &#8211; Excurs\u00f5es nos Andes<\/h1>\n\n<div class=\"wp-block-group is-nowrap is-layout-flex wp-container-core-group-is-layout-ad2f72ca wp-block-group-is-layout-flex\">\n<h2 class=\"wp-block-heading\" id=\"h-explore-the-vineyards-of-mendoza-on-unforgettable-wine-tours-immerse-yourself-in-the-beauty-of-mendoza-and-taste-the-finest-wines\"><mark style=\"background-color:rgba(0, 0, 0, 0)\" class=\"has-inline-color has-black-color\">Explore os vinhedos de Mendoza em passeios inesquec\u00edveis. Mergulhe na beleza de Mendoza e experimente os melhores vinhos<\/mark>.<\/h2>\n<\/div>\n\n<p>Bem-vindo \u00e0 nossa ag\u00eancia de turismo de alto n\u00edvel no cora\u00e7\u00e3o de Mendoza, Argentina.<\/p>\n\n<p>Somos especializados em criar experi\u00eancias inesquec\u00edveis para todos os viajantes. Nossa ag\u00eancia exclusiva \u00e9 dedicada a oferecer luxo e servi\u00e7o personalizado.  <\/p>\n\n<p>Oferecemos uma variedade de <a href=\"https:\/\/www.mendoza-andes.com\/wine-tour-mendoza\/\">passeios guiados com degusta\u00e7\u00e3o de vinhos premium<\/a>, mas tamb\u00e9m passeios premium pelos Andes que mostram o melhor dessa regi\u00e3o de tirar o f\u00f4lego.<\/p>\n\n<p>Chegou a hora de voc\u00ea embarcar em uma jornada conosco e explorar os mundialmente famosos vinhedos de Mendoza. Voc\u00ea desfrutar\u00e1 de degusta\u00e7\u00f5es de vinho e passeios particulares, especialmente conduzidos por sommeliers experientes. Gra\u00e7as aos nossos 15 anos de conhecimento, voc\u00ea visitar\u00e1 vin\u00edcolas de prest\u00edgio. Voc\u00ea se surpreender\u00e1 ao ver que cada vinhedo tem seu charme \u00fanico e adorar\u00e1 provar algumas de suas safras premiadas. Do Malbec ao Torront\u00e9s, saboreie o melhor vinho enquanto observa a Cordilheira dos Andes.<\/p>\n\n<h2 class=\"wp-block-heading\" id=\"h-mendoza-is-much-more-than-wine-tours\">Mendoza \u00e9 muito mais do que passeios de vinho<\/h2>\n\n<p>Voc\u00ea \u00e9 aventureiro de cora\u00e7\u00e3o? Ent\u00e3o voc\u00ea vai adorar nosso <a href=\"https:\/\/www.mendoza-andes.com\/activity\/andes-tour\/\">passeio premium pelos Andes<\/a>!<br\/>Eles oferecem uma fuga brilhante para as maravilhas naturais de Mendoza. Voc\u00ea viajar\u00e1 pelos Andes em passeios particulares ou em pequenos grupos liderados por guias experientes. Basta escolher como aproveitar a natureza de Mendoza: voc\u00ea prefere um saf\u00e1ri fotogr\u00e1fico no pr\u00e9-Andes? Ou talvez caminhadas panor\u00e2micas at\u00e9 lagoas escondidas e vistas m\u00e1gicas do lago Potrerillos? Em todos os casos, a viagem ser\u00e1 uma experi\u00eancia \u00fanica na vida.<\/p>\n\n<h2 class=\"wp-block-heading\" id=\"h-so-why-should-you-choose-us\">Ent\u00e3o, por que voc\u00ea deveria nos escolher?<\/h2>\n\n<p>Porque sabemos que o luxo est\u00e1 nos detalhes, mas tamb\u00e9m porque, depois de 15 anos, conhecemos voc\u00ea muito bem \ud83d\ude42<\/p>\n\n<p><a href=\"https:\/\/www.mendoza-andes.com\/about-us\/\">Ent\u00e3o, no final, o que mais temos?  <\/a><\/p>\n\n<p>Primeiro, levamos voc\u00ea no melhor transporte (somente com ve\u00edculos autorizados) para acesso exclusivo a propriedades particulares; depois, seu guia ser\u00e1 um profissional especializado. Eles fazem a diferen\u00e7a em cada minuto de sua viagem.<br\/>Por fim, todos os aspectos da sua viagem s\u00e3o meticulosamente elaborados para garantir uma experi\u00eancia inesquec\u00edvel.  <\/p>\n\n<p>Voc\u00ea est\u00e1 certo em nos escolher. Desde o in\u00edcio, voc\u00ea estar\u00e1 em contato com nossa equipe de profissionais dedicados; todos eles est\u00e3o empenhados em organizar uma aventura extraordin\u00e1ria, para que todos os seus desejos sejam atendidos.<\/p>\n\n<h2 class=\"wp-block-heading\" id=\"h-when-travel-in-mendoza\">Quando voc\u00ea vai viajar para Mendoza?<\/h2>\n\n<p>Mendoza, Argentina, \u00e9 um belo destino conhecido por suas paisagens deslumbrantes, vinhos deliciosos e atividades ao ar livre.  <\/p>\n\n<p>Se voc\u00ea estiver procurando por passeios de vinho em Mendoza, todo momento \u00e9 o melhor momento!<\/p>\n\n<p>Dito isso, se voc\u00ea quiser viver essa experi\u00eancia 100%, o per\u00edodo de colheita (fevereiro a mar\u00e7o) talvez seja o mais interessante para os amantes do vinho. Os vinhedos movimentados, as videiras verdes e o clima quente e seco far\u00e3o com que voc\u00ea se apaixone por Mendoza. Al\u00e9m disso, esse \u00e9 o famoso momento de nossos melhores eventos para voc\u00ea aproveitar: <a href=\"https:\/\/www.greatwinecapitals.com\/wine-stories\/national-harvest-festival-the-main-celebration-of-mendozas-identity\/\" target=\"_blank\" rel=\"noreferrer noopener\">o Festival da Colheita<\/a>.<\/p>\n\n<p>Se voc\u00ea visitar Mendoza na primavera ou no outono, vai adorar o <a href=\"https:\/\/www.climatestotravel.com\/climate\/argentina\/mendoza#google_vignette\" target=\"_blank\" rel=\"noreferrer noopener\">clima<\/a> quente e agrad\u00e1vel, ideal para degustar vinhos e participar de atividades ao ar livre, como caminhadas e passeios a cavalo.<\/p>\n\n<p>Por fim, o inverno tamb\u00e9m tem seu charme, com um clima seco e frequentemente ensolarado. Todas as atividades nos vinhedos est\u00e3o dispon\u00edveis, e apenas algumas datas de neve ou clima severo no alto dos Andes podem impedir o acesso a alguns passeios nas montanhas, como o passeio de carro pelo Aconc\u00e1gua.<\/p>\n\n<p>Voc\u00ea n\u00e3o tem mais motivos para n\u00e3o vir.<\/p>\n\n<p><\/p>\n","protected":false},"excerpt":{"rendered":"<p>Passeios de vinho em Mendoza &#8211; Excurs\u00f5es nos Andes Explore os vinhedos de Mendoza em passeios inesquec\u00edveis. Mergulhe na beleza deTour Details<\/p>\n","protected":false},"author":1,"featured_media":0,"parent":0,"menu_order":0,"comment_status":"closed","ping_status":"closed","template":"","meta":{"_monsterinsights_skip_tracking":false,"_monsterinsights_sitenote_active":false,"_monsterinsights_sitenote_note":"","_monsterinsights_sitenote_category":0,"_joinchat":[],"footnotes":""},"class_list":["post-1946","page","type-page","status-publish","hentry"],"yoast_head":"<!-- This site is optimized with the Yoast SEO Premium plugin v25.0 (Yoast SEO v26.8) - https:\/\/yoast.com\/product\/yoast-seo-premium-wordpress\/ -->\n<title>Passeios de vinho em Mendoza e excurs\u00f5es pelos Andes<\/title>\n<meta name=\"description\" content=\"Experimente a melhor degusta\u00e7\u00e3o de vinhos em Mendoza com nossos passeios guiados de vinho. Descubra a beleza dos vinhedos e dos Andes.\" \/>\n<meta name=\"robots\" content=\"index, follow, max-snippet:-1, max-image-preview:large, max-video-preview:-1\" \/>\n<link rel=\"canonical\" href=\"https:\/\/www.mendoza-andes.com\/pt-br\/\" \/>\n<meta property=\"og:locale\" content=\"pt_BR\" \/>\n<meta property=\"og:type\" content=\"article\" \/>\n<meta property=\"og:title\" content=\"In\u00edcio\" \/>\n<meta property=\"og:description\" content=\"Experimente a melhor degusta\u00e7\u00e3o de vinhos em Mendoza com nossos passeios guiados de vinho. Descubra a beleza dos vinhedos e dos Andes.\" \/>\n<meta property=\"og:url\" content=\"https:\/\/www.mendoza-andes.com\/pt-br\/\" \/>\n<meta property=\"og:site_name\" content=\"Passeios de vinhos - Mendoza Andes | The Tintos\" \/>\n<meta property=\"article:publisher\" content=\"https:\/\/www.facebook.com\/mendozaandes\" \/>\n<meta property=\"article:modified_time\" content=\"2024-05-20T05:19:26+00:00\" \/>\n<meta property=\"og:image\" content=\"https:\/\/www.mendoza-andes.com\/wp-content\/uploads\/2024\/03\/Private-Uco-0-1024x602.jpg\" \/>\n<meta name=\"twitter:card\" content=\"summary_large_image\" \/>\n<meta name=\"twitter:label1\" content=\"Est. tempo de leitura\" \/>\n\t<meta name=\"twitter:data1\" content=\"3 minutos\" \/>\n<script type=\"application\/ld+json\" class=\"yoast-schema-graph\">{\"@context\":\"https:\/\/schema.org\",\"@graph\":[{\"@type\":\"WebPage\",\"@id\":\"https:\/\/www.mendoza-andes.com\/pt-br\/\",\"url\":\"https:\/\/www.mendoza-andes.com\/pt-br\/\",\"name\":\"Passeios de vinho em Mendoza e excurs\u00f5es pelos Andes\",\"isPartOf\":{\"@id\":\"https:\/\/www.mendoza-andes.com\/pt-br\/#website\"},\"primaryImageOfPage\":{\"@id\":\"https:\/\/www.mendoza-andes.com\/pt-br\/#primaryimage\"},\"image\":{\"@id\":\"https:\/\/www.mendoza-andes.com\/pt-br\/#primaryimage\"},\"thumbnailUrl\":\"https:\/\/www.mendoza-andes.com\/wp-content\/uploads\/2024\/03\/Private-Uco-0-1024x602.jpg\",\"datePublished\":\"2018-10-08T08:47:37+00:00\",\"dateModified\":\"2024-05-20T05:19:26+00:00\",\"description\":\"Experimente a melhor degusta\u00e7\u00e3o de vinhos em Mendoza com nossos passeios guiados de vinho. Descubra a beleza dos vinhedos e dos Andes.\",\"breadcrumb\":{\"@id\":\"https:\/\/www.mendoza-andes.com\/pt-br\/#breadcrumb\"},\"inLanguage\":\"pt-BR\",\"potentialAction\":[{\"@type\":\"ReadAction\",\"target\":[\"https:\/\/www.mendoza-andes.com\/pt-br\/\"]}]},{\"@type\":\"ImageObject\",\"inLanguage\":\"pt-BR\",\"@id\":\"https:\/\/www.mendoza-andes.com\/pt-br\/#primaryimage\",\"url\":\"https:\/\/www.mendoza-andes.com\/wp-content\/uploads\/2024\/03\/Private-Uco-0-1024x602.jpg\",\"contentUrl\":\"https:\/\/www.mendoza-andes.com\/wp-content\/uploads\/2024\/03\/Private-Uco-0-1024x602.jpg\"},{\"@type\":\"BreadcrumbList\",\"@id\":\"https:\/\/www.mendoza-andes.com\/pt-br\/#breadcrumb\",\"itemListElement\":[{\"@type\":\"ListItem\",\"position\":1,\"name\":\"home\",\"item\":\"https:\/\/www.mendoza-andes.com\/pt-br\/inicio\/\"},{\"@type\":\"ListItem\",\"position\":2,\"name\":\"In\u00edcio\"}]},{\"@type\":\"WebSite\",\"@id\":\"https:\/\/www.mendoza-andes.com\/pt-br\/#website\",\"url\":\"https:\/\/www.mendoza-andes.com\/pt-br\/\",\"name\":\"Mendoza Andes | The Tintos - Premium tours in Mendoza\",\"description\":\"ag\u00eancia de turismo premium em Mendoza\",\"publisher\":{\"@id\":\"https:\/\/www.mendoza-andes.com\/pt-br\/#organization\"},\"potentialAction\":[{\"@type\":\"SearchAction\",\"target\":{\"@type\":\"EntryPoint\",\"urlTemplate\":\"https:\/\/www.mendoza-andes.com\/pt-br\/?s={search_term_string}\"},\"query-input\":{\"@type\":\"PropertyValueSpecification\",\"valueRequired\":true,\"valueName\":\"search_term_string\"}}],\"inLanguage\":\"pt-BR\"},{\"@type\":\"Organization\",\"@id\":\"https:\/\/www.mendoza-andes.com\/pt-br\/#organization\",\"name\":\"Mendoza Andes | The Tintos\",\"url\":\"https:\/\/www.mendoza-andes.com\/pt-br\/\",\"logo\":{\"@type\":\"ImageObject\",\"inLanguage\":\"pt-BR\",\"@id\":\"https:\/\/www.mendoza-andes.com\/pt-br\/#\/schema\/logo\/image\/\",\"url\":\"https:\/\/www.mendoza-andes.com\/wp-content\/uploads\/2024\/04\/duo-logo-400px.jpg\",\"contentUrl\":\"https:\/\/www.mendoza-andes.com\/wp-content\/uploads\/2024\/04\/duo-logo-400px.jpg\",\"width\":499,\"height\":96,\"caption\":\"Mendoza Andes | The Tintos\"},\"image\":{\"@id\":\"https:\/\/www.mendoza-andes.com\/pt-br\/#\/schema\/logo\/image\/\"},\"sameAs\":[\"https:\/\/www.facebook.com\/mendozaandes\",\"https:\/\/www.instagram.com\/TheTintos\/\",\"https:\/\/www.instagram.com\/mza_andes\/\"],\"description\":\"Mendoza Andes The Tintos is a 15 year old premium tourism agency. We focus on exclusive and luxurious tours, offering private and small group tours. Our concept is to offer exceptional experiences to people who want to discover the best of the Mendoza region.\",\"email\":\"info@mendoza-andes.com\",\"telephone\":\"+5492613736627\",\"legalName\":\"Mendoza Andes The Tintos\",\"foundingDate\":\"2014-03-14\",\"numberOfEmployees\":{\"@type\":\"QuantitativeValue\",\"minValue\":\"1\",\"maxValue\":\"10\"}}]}<\/script>\n<!-- \/ Yoast SEO Premium plugin. -->","yoast_head_json":{"title":"Passeios de vinho em Mendoza e excurs\u00f5es pelos Andes","description":"Experimente a melhor degusta\u00e7\u00e3o de vinhos em Mendoza com nossos passeios guiados de vinho. Descubra a beleza dos vinhedos e dos Andes.","robots":{"index":"index","follow":"follow","max-snippet":"max-snippet:-1","max-image-preview":"max-image-preview:large","max-video-preview":"max-video-preview:-1"},"canonical":"https:\/\/www.mendoza-andes.com\/pt-br\/","og_locale":"pt_BR","og_type":"article","og_title":"In\u00edcio","og_description":"Experimente a melhor degusta\u00e7\u00e3o de vinhos em Mendoza com nossos passeios guiados de vinho. Descubra a beleza dos vinhedos e dos Andes.","og_url":"https:\/\/www.mendoza-andes.com\/pt-br\/","og_site_name":"Passeios de vinhos - Mendoza Andes | The Tintos","article_publisher":"https:\/\/www.facebook.com\/mendozaandes","article_modified_time":"2024-05-20T05:19:26+00:00","og_image":[{"url":"https:\/\/www.mendoza-andes.com\/wp-content\/uploads\/2024\/03\/Private-Uco-0-1024x602.jpg","type":"","width":"","height":""}],"twitter_card":"summary_large_image","twitter_misc":{"Est. tempo de leitura":"3 minutos"},"schema":{"@context":"https:\/\/schema.org","@graph":[{"@type":"WebPage","@id":"https:\/\/www.mendoza-andes.com\/pt-br\/","url":"https:\/\/www.mendoza-andes.com\/pt-br\/","name":"Passeios de vinho em Mendoza e excurs\u00f5es pelos Andes","isPartOf":{"@id":"https:\/\/www.mendoza-andes.com\/pt-br\/#website"},"primaryImageOfPage":{"@id":"https:\/\/www.mendoza-andes.com\/pt-br\/#primaryimage"},"image":{"@id":"https:\/\/www.mendoza-andes.com\/pt-br\/#primaryimage"},"thumbnailUrl":"https:\/\/www.mendoza-andes.com\/wp-content\/uploads\/2024\/03\/Private-Uco-0-1024x602.jpg","datePublished":"2018-10-08T08:47:37+00:00","dateModified":"2024-05-20T05:19:26+00:00","description":"Experimente a melhor degusta\u00e7\u00e3o de vinhos em Mendoza com nossos passeios guiados de vinho. Descubra a beleza dos vinhedos e dos Andes.","breadcrumb":{"@id":"https:\/\/www.mendoza-andes.com\/pt-br\/#breadcrumb"},"inLanguage":"pt-BR","potentialAction":[{"@type":"ReadAction","target":["https:\/\/www.mendoza-andes.com\/pt-br\/"]}]},{"@type":"ImageObject","inLanguage":"pt-BR","@id":"https:\/\/www.mendoza-andes.com\/pt-br\/#primaryimage","url":"https:\/\/www.mendoza-andes.com\/wp-content\/uploads\/2024\/03\/Private-Uco-0-1024x602.jpg","contentUrl":"https:\/\/www.mendoza-andes.com\/wp-content\/uploads\/2024\/03\/Private-Uco-0-1024x602.jpg"},{"@type":"BreadcrumbList","@id":"https:\/\/www.mendoza-andes.com\/pt-br\/#breadcrumb","itemListElement":[{"@type":"ListItem","position":1,"name":"home","item":"https:\/\/www.mendoza-andes.com\/pt-br\/inicio\/"},{"@type":"ListItem","position":2,"name":"In\u00edcio"}]},{"@type":"WebSite","@id":"https:\/\/www.mendoza-andes.com\/pt-br\/#website","url":"https:\/\/www.mendoza-andes.com\/pt-br\/","name":"Mendoza Andes | The Tintos - Premium tours in Mendoza","description":"ag\u00eancia de turismo premium em Mendoza","publisher":{"@id":"https:\/\/www.mendoza-andes.com\/pt-br\/#organization"},"potentialAction":[{"@type":"SearchAction","target":{"@type":"EntryPoint","urlTemplate":"https:\/\/www.mendoza-andes.com\/pt-br\/?s={search_term_string}"},"query-input":{"@type":"PropertyValueSpecification","valueRequired":true,"valueName":"search_term_string"}}],"inLanguage":"pt-BR"},{"@type":"Organization","@id":"https:\/\/www.mendoza-andes.com\/pt-br\/#organization","name":"Mendoza Andes | The Tintos","url":"https:\/\/www.mendoza-andes.com\/pt-br\/","logo":{"@type":"ImageObject","inLanguage":"pt-BR","@id":"https:\/\/www.mendoza-andes.com\/pt-br\/#\/schema\/logo\/image\/","url":"https:\/\/www.mendoza-andes.com\/wp-content\/uploads\/2024\/04\/duo-logo-400px.jpg","contentUrl":"https:\/\/www.mendoza-andes.com\/wp-content\/uploads\/2024\/04\/duo-logo-400px.jpg","width":499,"height":96,"caption":"Mendoza Andes | The Tintos"},"image":{"@id":"https:\/\/www.mendoza-andes.com\/pt-br\/#\/schema\/logo\/image\/"},"sameAs":["https:\/\/www.facebook.com\/mendozaandes","https:\/\/www.instagram.com\/TheTintos\/","https:\/\/www.instagram.com\/mza_andes\/"],"description":"Mendoza Andes The Tintos is a 15 year old premium tourism agency. We focus on exclusive and luxurious tours, offering private and small group tours. Our concept is to offer exceptional experiences to people who want to discover the best of the Mendoza region.","email":"info@mendoza-andes.com","telephone":"+5492613736627","legalName":"Mendoza Andes The Tintos","foundingDate":"2014-03-14","numberOfEmployees":{"@type":"QuantitativeValue","minValue":"1","maxValue":"10"}}]}},"_links":{"self":[{"href":"https:\/\/www.mendoza-andes.com\/pt-br\/wp-json\/wp\/v2\/pages\/1946","targetHints":{"allow":["GET"]}}],"collection":[{"href":"https:\/\/www.mendoza-andes.com\/pt-br\/wp-json\/wp\/v2\/pages"}],"about":[{"href":"https:\/\/www.mendoza-andes.com\/pt-br\/wp-json\/wp\/v2\/types\/page"}],"author":[{"embeddable":true,"href":"https:\/\/www.mendoza-andes.com\/pt-br\/wp-json\/wp\/v2\/users\/1"}],"replies":[{"embeddable":true,"href":"https:\/\/www.mendoza-andes.com\/pt-br\/wp-json\/wp\/v2\/comments?post=1946"}],"version-history":[{"count":7,"href":"https:\/\/www.mendoza-andes.com\/pt-br\/wp-json\/wp\/v2\/pages\/1946\/revisions"}],"predecessor-version":[{"id":2011,"href":"https:\/\/www.mendoza-andes.com\/pt-br\/wp-json\/wp\/v2\/pages\/1946\/revisions\/2011"}],"wp:attachment":[{"href":"https:\/\/www.mendoza-andes.com\/pt-br\/wp-json\/wp\/v2\/media?parent=1946"}],"curies":[{"name":"wp","href":"https:\/\/api.w.org\/{rel}","templated":true}]}}